{"id":781,"date":"2020-09-10T07:06:31","date_gmt":"2020-09-10T05:06:31","guid":{"rendered":"https:\/\/villa-rosanda.com\/?page_id=781"},"modified":"2021-03-22T19:03:00","modified_gmt":"2021-03-22T18:03:00","slug":"startseite","status":"publish","type":"page","link":"https:\/\/villa-rosanda.com\/de\/","title":{"rendered":"Startseite"},"content":{"rendered":"<h3>Luxusvilla mit Pool und Meerblick in Sumartin \/ Selca auf der Insel Brac<\/h3>\n<p>Die Villa Rosanda ist ein ideales Ferienhaus f\u00fcr Gruppen von G\u00e4sten, wie beispielsweise Familien mit Kindern, Freunden,\u00a0 Liebhaber von Reisen, -Radfahren, -Wandern und unber\u00fchrter Natur. Das Haus befindet sich in ruhiger Lage und in Strandn\u00e4he (40 m).\u00a0 Es ist nahe der Orte Sumartin (1,5 km), Selca (2,5 km) und Povlja (8 km). Dies macht es zu einem perfekten Ausgangspunkt f\u00fcr die Erkundung zahlreicher malerischer Buchten sowie beliebter Touristenzentren wie Bol (20 Minuten), Makarska (1 Stunde) und Split (1,5 Stunden).<\/p>\n<p>Innerhalb von 300 m gibt es Kiesstr\u00e4nde, 2 Caf\u00e9s, eine Pizzeria, ein Restaurant und eine Tankstelle. Gesch\u00e4fte und andere Einrichtungen (Boot mieten, Roller, Kajak, Elektrofahrr\u00e4der, Tennisplatz &#8230;) befinden sich in Sumartin (1,5 km) und Selce (2,5 km).<\/p>\n<p>Die Villa Rosanda ist ein ger\u00e4umiges typisch dalmatinisches Steinhaus . Es wurde vollst\u00e4ndig aus massivem Bra\u010d-Stein erbaut und bietet einen wundersch\u00f6nen Panoramablick auf das Meer, die Insel Hvar und den Berg Biokovo. Das Hotel liegt auf der s\u00fcdlichsten sonnigen Seite der Insel, gesch\u00fctzt vor dem Nordwind. Somit ist es besonders\u00a0 attraktiv in der Vorsaison und unter der Saison, wenn mehr sch\u00f6nes Wetter ben\u00f6tigt wird. Eine der Besonderheiten der Villa,\u00a0 sind die riesigen Terrassen mit viel Gr\u00fcn, welche Intimit\u00e4t\u00a0 und Atmosph\u00e4re bieten, jede auf ihre eigene Art und Weise.<\/p>\n<p>Die Villa besteht aus 3 Teilen mit separaten Eing\u00e4ngen: Hochgeschoss, 1. Stock Ost und 1. Stock West.<\/p>\n<ul>\n<li>Gesamtfl\u00e4che: ca. 340 m<sup>2<\/sup><\/li>\n<li>Maximale Anzahl Personen: 12-14<\/li>\n<li>Renoviert: 2019<\/li>\n<li>Ganzj\u00e4hrig Au\u00dfenpool: ca. 40 m<sup>2<\/sup><\/li>\n<li>5 Terrassen<\/li>\n<li>Spielplatz f\u00fcr Kinder mit kleinem Pool<\/li>\n<li>Trampolin, Rutschen und Schaukeln<\/li>\n<li>Au\u00dfenkamin<\/li>\n<li>Wohnzimmer<\/li>\n<li>Medienraum<\/li>\n<li>6 Schlafzimmer<\/li>\n<li>7 Badezimmer<\/li>\n<li>3 K\u00fcchen<\/li>\n<li>W-lan<\/li>\n<li>9 Smart-TV<\/li>\n<li>Garage 120m<sup>2<\/sup> f\u00fcr mehr Fahrzeuge<\/li>\n<li>2 Liegepl\u00e4tze f\u00fcr Boote<\/li>\n<li>6 Fahrr\u00e4der<\/li>\n<\/ul>\n","protected":false},"excerpt":{"rendered":"<p>Luxusvilla mit Pool und Meerblick in Sumartin \/ Selca auf der Insel Brac Die Villa Rosanda ist ein ideales Ferienhaus f\u00fcr Gruppen von G\u00e4sten, wie beispielsweise Familien mit Kindern, Freunden,\u00a0 &#8230;<\/p>\n","protected":false},"author":1,"featured_media":0,"parent":0,"menu_order":0,"comment_status":"closed","ping_status":"closed","template":"template-frontpage.php","meta":{"_acf_changed":false,"inline_featured_image":false,"footnotes":""},"class_list":["post-781","page","type-page","status-publish","hentry"],"acf":[],"yoast_head":"<!-- This site is optimized with the Yoast SEO plugin v25.1 - https:\/\/yoast.com\/wordpress\/plugins\/seo\/ -->\n<title>Startseite - Villa Rosanda<\/title>\n<meta name=\"robots\" content=\"index, follow, max-snippet:-1, max-image-preview:large, max-video-preview:-1\" \/>\n<link rel=\"canonical\" href=\"https:\/\/villa-rosanda.com\/de\/\" \/>\n<meta property=\"og:locale\" content=\"de_DE\" \/>\n<meta property=\"og:type\" content=\"article\" \/>\n<meta property=\"og:title\" content=\"Startseite - Villa Rosanda\" \/>\n<meta property=\"og:description\" content=\"Luxusvilla mit Pool und Meerblick in Sumartin \/ Selca auf der Insel Brac Die Villa Rosanda ist ein ideales Ferienhaus f\u00fcr Gruppen von G\u00e4sten, wie beispielsweise Familien mit Kindern, Freunden,\u00a0 ...\" \/>\n<meta property=\"og:url\" content=\"https:\/\/villa-rosanda.com\/de\/\" \/>\n<meta property=\"og:site_name\" content=\"Villa Rosanda\" \/>\n<meta property=\"article:modified_time\" content=\"2021-03-22T18:03:00+00:00\" \/>\n<meta name=\"twitter:card\" content=\"summary_large_image\" \/>\n<meta name=\"twitter:label1\" content=\"Gesch\u00e4tzte Lesezeit\" \/>\n\t<meta name=\"twitter:data1\" content=\"1\u00a0Minute\" \/>\n<script type=\"application\/ld+json\" class=\"yoast-schema-graph\">{\"@context\":\"https:\/\/schema.org\",\"@graph\":[{\"@type\":\"WebPage\",\"@id\":\"https:\/\/villa-rosanda.com\/de\/\",\"url\":\"https:\/\/villa-rosanda.com\/de\/\",\"name\":\"Startseite - Villa Rosanda\",\"isPartOf\":{\"@id\":\"https:\/\/villa-rosanda.com\/#website\"},\"datePublished\":\"2020-09-10T05:06:31+00:00\",\"dateModified\":\"2021-03-22T18:03:00+00:00\",\"breadcrumb\":{\"@id\":\"https:\/\/villa-rosanda.com\/de\/#breadcrumb\"},\"inLanguage\":\"de\",\"potentialAction\":[{\"@type\":\"ReadAction\",\"target\":[\"https:\/\/villa-rosanda.com\/de\/\"]}]},{\"@type\":\"BreadcrumbList\",\"@id\":\"https:\/\/villa-rosanda.com\/de\/#breadcrumb\",\"itemListElement\":[{\"@type\":\"ListItem\",\"position\":1,\"name\":\"Po\u010detna stranica\",\"item\":\"https:\/\/villa-rosanda.com\/de\/\"},{\"@type\":\"ListItem\",\"position\":2,\"name\":\"Startseite\"}]},{\"@type\":\"WebSite\",\"@id\":\"https:\/\/villa-rosanda.com\/#website\",\"url\":\"https:\/\/villa-rosanda.com\/\",\"name\":\"Villa Rosanda\",\"description\":\"Ku\u0107a za odmor sa pogledom na more i bazenom\",\"publisher\":{\"@id\":\"https:\/\/villa-rosanda.com\/#organization\"},\"potentialAction\":[{\"@type\":\"SearchAction\",\"target\":{\"@type\":\"EntryPoint\",\"urlTemplate\":\"https:\/\/villa-rosanda.com\/?s={search_term_string}\"},\"query-input\":{\"@type\":\"PropertyValueSpecification\",\"valueRequired\":true,\"valueName\":\"search_term_string\"}}],\"inLanguage\":\"de\"},{\"@type\":\"Organization\",\"@id\":\"https:\/\/villa-rosanda.com\/#organization\",\"name\":\"Villa Rosanda\",\"url\":\"https:\/\/villa-rosanda.com\/\",\"logo\":{\"@type\":\"ImageObject\",\"inLanguage\":\"de\",\"@id\":\"https:\/\/villa-rosanda.com\/#\/schema\/logo\/image\/\",\"url\":\"https:\/\/villa-rosanda.com\/2020\/wp-content\/uploads\/2020\/11\/logo.png\",\"contentUrl\":\"https:\/\/villa-rosanda.com\/2020\/wp-content\/uploads\/2020\/11\/logo.png\",\"width\":270,\"height\":59,\"caption\":\"Villa Rosanda\"},\"image\":{\"@id\":\"https:\/\/villa-rosanda.com\/#\/schema\/logo\/image\/\"}}]}<\/script>\n<!-- \/ Yoast SEO plugin. -->","yoast_head_json":{"title":"Startseite - Villa Rosanda","robots":{"index":"index","follow":"follow","max-snippet":"max-snippet:-1","max-image-preview":"max-image-preview:large","max-video-preview":"max-video-preview:-1"},"canonical":"https:\/\/villa-rosanda.com\/de\/","og_locale":"de_DE","og_type":"article","og_title":"Startseite - Villa Rosanda","og_description":"Luxusvilla mit Pool und Meerblick in Sumartin \/ Selca auf der Insel Brac Die Villa Rosanda ist ein ideales Ferienhaus f\u00fcr Gruppen von G\u00e4sten, wie beispielsweise Familien mit Kindern, Freunden,\u00a0 ...","og_url":"https:\/\/villa-rosanda.com\/de\/","og_site_name":"Villa Rosanda","article_modified_time":"2021-03-22T18:03:00+00:00","twitter_card":"summary_large_image","twitter_misc":{"Gesch\u00e4tzte Lesezeit":"1\u00a0Minute"},"schema":{"@context":"https:\/\/schema.org","@graph":[{"@type":"WebPage","@id":"https:\/\/villa-rosanda.com\/de\/","url":"https:\/\/villa-rosanda.com\/de\/","name":"Startseite - Villa Rosanda","isPartOf":{"@id":"https:\/\/villa-rosanda.com\/#website"},"datePublished":"2020-09-10T05:06:31+00:00","dateModified":"2021-03-22T18:03:00+00:00","breadcrumb":{"@id":"https:\/\/villa-rosanda.com\/de\/#breadcrumb"},"inLanguage":"de","potentialAction":[{"@type":"ReadAction","target":["https:\/\/villa-rosanda.com\/de\/"]}]},{"@type":"BreadcrumbList","@id":"https:\/\/villa-rosanda.com\/de\/#breadcrumb","itemListElement":[{"@type":"ListItem","position":1,"name":"Po\u010detna stranica","item":"https:\/\/villa-rosanda.com\/de\/"},{"@type":"ListItem","position":2,"name":"Startseite"}]},{"@type":"WebSite","@id":"https:\/\/villa-rosanda.com\/#website","url":"https:\/\/villa-rosanda.com\/","name":"Villa Rosanda","description":"Ku\u0107a za odmor sa pogledom na more i bazenom","publisher":{"@id":"https:\/\/villa-rosanda.com\/#organization"},"potentialAction":[{"@type":"SearchAction","target":{"@type":"EntryPoint","urlTemplate":"https:\/\/villa-rosanda.com\/?s={search_term_string}"},"query-input":{"@type":"PropertyValueSpecification","valueRequired":true,"valueName":"search_term_string"}}],"inLanguage":"de"},{"@type":"Organization","@id":"https:\/\/villa-rosanda.com\/#organization","name":"Villa Rosanda","url":"https:\/\/villa-rosanda.com\/","logo":{"@type":"ImageObject","inLanguage":"de","@id":"https:\/\/villa-rosanda.com\/#\/schema\/logo\/image\/","url":"https:\/\/villa-rosanda.com\/2020\/wp-content\/uploads\/2020\/11\/logo.png","contentUrl":"https:\/\/villa-rosanda.com\/2020\/wp-content\/uploads\/2020\/11\/logo.png","width":270,"height":59,"caption":"Villa Rosanda"},"image":{"@id":"https:\/\/villa-rosanda.com\/#\/schema\/logo\/image\/"}}]}},"_links":{"self":[{"href":"https:\/\/villa-rosanda.com\/de\/wp-json\/wp\/v2\/pages\/781","targetHints":{"allow":["GET"]}}],"collection":[{"href":"https:\/\/villa-rosanda.com\/de\/wp-json\/wp\/v2\/pages"}],"about":[{"href":"https:\/\/villa-rosanda.com\/de\/wp-json\/wp\/v2\/types\/page"}],"author":[{"embeddable":true,"href":"https:\/\/villa-rosanda.com\/de\/wp-json\/wp\/v2\/users\/1"}],"replies":[{"embeddable":true,"href":"https:\/\/villa-rosanda.com\/de\/wp-json\/wp\/v2\/comments?post=781"}],"version-history":[{"count":5,"href":"https:\/\/villa-rosanda.com\/de\/wp-json\/wp\/v2\/pages\/781\/revisions"}],"predecessor-version":[{"id":819,"href":"https:\/\/villa-rosanda.com\/de\/wp-json\/wp\/v2\/pages\/781\/revisions\/819"}],"wp:attachment":[{"href":"https:\/\/villa-rosanda.com\/de\/wp-json\/wp\/v2\/media?parent=781"}],"curies":[{"name":"wp","href":"https:\/\/api.w.org\/{rel}","templated":true}]}}